{"id":361,"date":"2022-10-11T11:55:35","date_gmt":"2022-10-11T09:55:35","guid":{"rendered":"https:\/\/limousin-peche.fr\/?page_id=361"},"modified":"2023-12-14T10:54:37","modified_gmt":"2023-12-14T09:54:37","slug":"contact","status":"publish","type":"page","link":"https:\/\/limousin-peche.fr\/index.php\/contact\/","title":{"rendered":"Contact"},"content":{"rendered":"\t\t<div data-elementor-type=\"wp-page\" data-elementor-id=\"361\" class=\"elementor elementor-361\">\n\t\t\t\t\t\t<section class=\"elementor-section elementor-top-section elementor-element elementor-element-3d0b49bc elementor-section-boxed elementor-section-height-default elementor-section-height-default\" data-id=\"3d0b49bc\" data-element_type=\"section\">\n\t\t\t\t\t\t<div class=\"elementor-container elementor-column-gap-default\">\n\t\t\t\t\t<div class=\"elementor-column elementor-col-100 elementor-top-column elementor-element elementor-element-433998c4\" data-id=\"433998c4\" data-element_type=\"column\">\n\t\t\t<div class=\"elementor-widget-wrap elementor-element-populated\">\n\t\t\t\t\t\t<div class=\"elementor-element elementor-element-aaba6f1 elementor-widget elementor-widget-heading\" data-id=\"aaba6f1\" data-element_type=\"widget\" data-widget_type=\"heading.default\">\n\t\t\t\t<div class=\"elementor-widget-container\">\n\t\t\t<h2 class=\"elementor-heading-title elementor-size-default\">Vous avez des questions ? <\/h2>\t\t<\/div>\n\t\t\t\t<\/div>\n\t\t\t\t\t<\/div>\n\t\t<\/div>\n\t\t\t\t\t<\/div>\n\t\t<\/section>\n\t\t\t\t<section class=\"elementor-section elementor-top-section elementor-element elementor-element-c8e2808 elementor-section-boxed elementor-section-height-default elementor-section-height-default\" data-id=\"c8e2808\" data-element_type=\"section\">\n\t\t\t\t\t\t<div class=\"elementor-container elementor-column-gap-default\">\n\t\t\t\t\t<div class=\"elementor-column elementor-col-100 elementor-top-column elementor-element elementor-element-8882b3b\" data-id=\"8882b3b\" data-element_type=\"column\">\n\t\t\t<div class=\"elementor-widget-wrap elementor-element-populated\">\n\t\t\t\t\t\t<div class=\"elementor-element elementor-element-a8da262 elementor-widget elementor-widget-formidable\" data-id=\"a8da262\" data-element_type=\"widget\" data-widget_type=\"formidable.default\">\n\t\t\t\t<div class=\"elementor-widget-container\">\n\t\t\t<div class=\"frm_forms  with_frm_style frm_style_style-formidable\" id=\"frm_form_1_container\" >\n<form enctype=\"multipart\/form-data\" method=\"post\" class=\"frm-show-form \" id=\"form_contact-form\" >\n<div class=\"frm_form_fields \">\n<fieldset>\n<legend class=\"frm_screen_reader\">Contact Us<\/legend>\n\n<div class=\"frm_fields_container\">\n<input type=\"hidden\" name=\"frm_action\" value=\"create\" \/>\n<input type=\"hidden\" name=\"form_id\" value=\"1\" \/>\n<input type=\"hidden\" name=\"frm_hide_fields_1\" id=\"frm_hide_fields_1\" value=\"\" \/>\n<input type=\"hidden\" name=\"form_key\" value=\"contact-form\" \/>\n<input type=\"hidden\" name=\"item_meta[0]\" value=\"\" \/>\n<input type=\"hidden\" id=\"frm_submit_entry_1\" name=\"frm_submit_entry_1\" value=\"7f0084e30d\" \/><input type=\"hidden\" name=\"_wp_http_referer\" value=\"\/index.php\/wp-json\/wp\/v2\/pages\/361\" \/><div id=\"frm_field_1_container\" class=\"frm_form_field form-field  frm_required_field frm_top_container frm_first frm_half\">\n    <label for=\"field_qh4icy\" id=\"field_qh4icy_label\" class=\"frm_primary_label\">Pr\u00e9nom\n        <span class=\"frm_required\" aria-hidden=\"true\">*<\/span>\n    <\/label>\n    <input type=\"text\" id=\"field_qh4icy\" name=\"item_meta[1]\" value=\"\"  data-reqmsg=\"Ce champ ne peut pas \u00eatre vide\" aria-required=\"true\" data-invmsg=\"Name est non valide\" aria-invalid=\"false\"   aria-describedby=\"frm_desc_field_qh4icy\"\/>\n    <div class=\"frm_description\" id=\"frm_desc_field_qh4icy\">Pr\u00e9nom<\/div>\n    \n<\/div>\n<div id=\"frm_field_2_container\" class=\"frm_form_field form-field  frm_required_field frm_hidden_container frm_half\">\n    <label for=\"field_ocfup1\" id=\"field_ocfup1_label\" class=\"frm_primary_label\">Pr\u00e9nom\n        <span class=\"frm_required\" aria-hidden=\"true\">*<\/span>\n    <\/label>\n    <input type=\"text\" id=\"field_ocfup1\" name=\"item_meta[2]\" value=\"\"  data-reqmsg=\"Ce champ ne peut pas \u00eatre vide\" aria-required=\"true\" data-invmsg=\"Last est non valide\" aria-invalid=\"false\"   aria-describedby=\"frm_desc_field_ocfup1\"\/>\n    <div class=\"frm_description\" id=\"frm_desc_field_ocfup1\">Nom<\/div>\n    \n<\/div>\n<div id=\"frm_field_3_container\" class=\"frm_form_field form-field  frm_required_field frm_top_container frm_full\">\n    <label for=\"field_29yf4d\" id=\"field_29yf4d_label\" class=\"frm_primary_label\">Email\n        <span class=\"frm_required\" aria-hidden=\"true\">*<\/span>\n    <\/label>\n    <input type=\"email\" id=\"field_29yf4d\" name=\"item_meta[3]\" value=\"\"  data-reqmsg=\"Ce champ ne peut pas \u00eatre vide\" aria-required=\"true\" data-invmsg=\"Please enter a valid email address\" aria-invalid=\"false\"  \/>\n    \n    \n<\/div>\n<div id=\"frm_field_7_container\" class=\"frm_form_field form-field  frm_required_field frm_top_container vertical_radio\">\n    <div  id=\"field_46nn0_label\" class=\"frm_primary_label\">Case \u00e0 cocher\n        <span class=\"frm_required\" aria-hidden=\"true\">*<\/span>\n    <\/div>\n    <div class=\"frm_opt_container\" aria-labelledby=\"field_46nn0_label\" role=\"group\">\t\t<div class=\"frm_checkbox\" id=\"frm_checkbox_7-0\">\t\t\t<label  for=\"field_46nn0-0\">\n\t\t\t<input type=\"checkbox\" name=\"item_meta[7][]\" id=\"field_46nn0-0\" value=\"Initiation - P\u00eache \u00e0 la mouche\"  data-reqmsg=\"Case \u00e0 cocher ne peut pas \u00eatre vide.\" data-invmsg=\"Case \u00e0 cocher est non valide\" aria-invalid=\"false\"   aria-required=\"true\"  \/> Initiation - P\u00eache \u00e0 la mouche<\/label><\/div>\n\t\t<div class=\"frm_checkbox\" id=\"frm_checkbox_7-1\">\t\t\t<label  for=\"field_46nn0-1\">\n\t\t\t<input type=\"checkbox\" name=\"item_meta[7][]\" id=\"field_46nn0-1\" value=\"Initiation - P\u00eache du carnassier\"  data-reqmsg=\"Case \u00e0 cocher ne peut pas \u00eatre vide.\" data-invmsg=\"Case \u00e0 cocher est non valide\" aria-invalid=\"false\"   \/> Initiation - P\u00eache du carnassier<\/label><\/div>\n\t\t<div class=\"frm_checkbox\" id=\"frm_checkbox_7-2\">\t\t\t<label  for=\"field_46nn0-2\">\n\t\t\t<input type=\"checkbox\" name=\"item_meta[7][]\" id=\"field_46nn0-2\" value=\"Perfectionnement - P\u00eache \u00e0 la mouche\"  data-reqmsg=\"Case \u00e0 cocher ne peut pas \u00eatre vide.\" data-invmsg=\"Case \u00e0 cocher est non valide\" aria-invalid=\"false\"   \/> Perfectionnement - P\u00eache \u00e0 la mouche<\/label><\/div>\n\t\t<div class=\"frm_checkbox\" id=\"frm_checkbox_7-3\">\t\t\t<label  for=\"field_46nn0-3\">\n\t\t\t<input type=\"checkbox\" name=\"item_meta[7][]\" id=\"field_46nn0-3\" value=\"Stage jeune - P\u00eache au coup\"  data-reqmsg=\"Case \u00e0 cocher ne peut pas \u00eatre vide.\" data-invmsg=\"Case \u00e0 cocher est non valide\" aria-invalid=\"false\"   \/> Stage jeune - P\u00eache au coup<\/label><\/div>\n\t\t<div class=\"frm_checkbox\" id=\"frm_checkbox_7-4\">\t\t\t<label  for=\"field_46nn0-4\">\n\t\t\t<input type=\"checkbox\" name=\"item_meta[7][]\" id=\"field_46nn0-4\" value=\"Stage jeune - Initiation p\u00eache \u00e0 la mouche\"  data-reqmsg=\"Case \u00e0 cocher ne peut pas \u00eatre vide.\" data-invmsg=\"Case \u00e0 cocher est non valide\" aria-invalid=\"false\"   \/> Stage jeune - Initiation p\u00eache \u00e0 la mouche<\/label><\/div>\n\t\t<div class=\"frm_checkbox\" id=\"frm_checkbox_7-5\">\t\t\t<label  for=\"field_46nn0-5\">\n\t\t\t<input type=\"checkbox\" name=\"item_meta[7][]\" id=\"field_46nn0-5\" value=\"Stage jeune - P\u00eache du carnassier\"  data-reqmsg=\"Case \u00e0 cocher ne peut pas \u00eatre vide.\" data-invmsg=\"Case \u00e0 cocher est non valide\" aria-invalid=\"false\"   \/> Stage jeune - P\u00eache du carnassier<\/label><\/div>\n\t\t<div class=\"frm_checkbox\" id=\"frm_checkbox_7-6\">\t\t\t<label  for=\"field_46nn0-6\">\n\t\t\t<input type=\"checkbox\" name=\"item_meta[7][]\" id=\"field_46nn0-6\" value=\"Stage P\u00e8re &amp; Fils\"  data-reqmsg=\"Case \u00e0 cocher ne peut pas \u00eatre vide.\" data-invmsg=\"Case \u00e0 cocher est non valide\" aria-invalid=\"false\"   \/> Stage P\u00e8re &amp; Fils<\/label><\/div>\n<\/div>\n    \n    \n<\/div>\n<div id=\"frm_field_5_container\" class=\"frm_form_field form-field  frm_required_field frm_top_container frm_full\">\n    <label for=\"field_9jv0r1\" id=\"field_9jv0r1_label\" class=\"frm_primary_label\">Message\n        <span class=\"frm_required\" aria-hidden=\"true\">*<\/span>\n    <\/label>\n    <textarea name=\"item_meta[5]\" id=\"field_9jv0r1\" rows=\"5\"  data-reqmsg=\"Ce champ ne peut pas \u00eatre vide\" aria-required=\"true\" data-invmsg=\"Message est non valide\" aria-invalid=\"false\"  ><\/textarea>\n    \n    \n<\/div>\n<div id=\"frm_field_9_container\" class=\"frm_form_field form-field  frm_required_field frm_top_container vertical_radio\">\n    <div  id=\"field_aj48p_label\" class=\"frm_primary_label\">Acceptez de soumettre ce formulaire\n        <span class=\"frm_required\" aria-hidden=\"true\">*<\/span>\n    <\/div>\n    <div class=\"frm_opt_container\" aria-labelledby=\"field_aj48p_label\" role=\"group\">\t\t<div class=\"frm_checkbox\" id=\"frm_checkbox_9-0\">\t\t\t<label  for=\"field_aj48p-0\">\n\t\t\t<input type=\"checkbox\" name=\"item_meta[9][]\" id=\"field_aj48p-0\" value=\"Vous acceptez que Digitalcoml traite vos donn\u00e9es dans le but de vous contacter et r\u00e9pondre \u00e0 vos demandes. Pour en savoir plus sur le traitement de vos donn\u00e9es \u00e0 caract\u00e8re personnel et l\u2019exercice de vos droits, consultez notre politique de confidentialit\u00e9.\"  data-reqmsg=\"Ce champ ne peut pas \u00eatre vide\" data-invmsg=\"Acceptez de soumettre ce formulaire est non valide\" aria-invalid=\"false\"   aria-required=\"true\"  \/> Vous acceptez que Digitalcoml traite vos donn\u00e9es dans le but de vous contacter et r\u00e9pondre \u00e0 vos demandes. Pour en savoir plus sur le traitement de vos donn\u00e9es \u00e0 caract\u00e8re personnel et l\u2019exercice de vos droits, consultez notre politique de confidentialit\u00e9.<\/label><\/div>\n<\/div>\n    \n    \n<\/div>\n\t<input type=\"hidden\" name=\"item_key\" value=\"\" \/>\n\t\t\t\t<div class=\"frm__657accfc14400\">\n\t\t\t\t<label for=\"frm_email_1\" >\n\t\t\t\t\tSi vous \u00eates un humain, ne remplissez pas ce champ.\t\t\t\t<\/label>\n\t\t\t\t<input  id=\"frm_email_1\" type=\"text\" class=\"frm_verify\" name=\"frm__657accfc14400\" value=\"\" autocomplete=\"off\"  \/>\n\t\t\t<\/div>\n\t\t<div class=\"frm_submit frm_flex\">\n<button class=\"frm_button_submit\" type=\"submit\"  >Envoyer<\/button>\n\n\n\n<\/div><\/div>\n<\/fieldset>\n<\/div>\n<\/form>\n<\/div>\n\t\t<\/div>\n\t\t\t\t<\/div>\n\t\t\t\t\t<\/div>\n\t\t<\/div>\n\t\t\t\t\t<\/div>\n\t\t<\/section>\n\t\t\t\t<\/div>\n\t\t","protected":false},"excerpt":{"rendered":"<p>Vous avez des questions ? Contact Us Pr\u00e9nom * Pr\u00e9nom Pr\u00e9nom * Nom Email * Case \u00e0 cocher * Initiation &#8211; P\u00eache \u00e0 la mouche Initiation &#8211; P\u00eache du carnassier Perfectionnement &#8211; P\u00eache \u00e0 la mouche Stage jeune &#8211; P\u00eache au coup Stage jeune &#8211; Initiation p\u00eache \u00e0 la mouche Stage jeune &#8211; P\u00eache du [&hellip;]<\/p>\n","protected":false},"author":1,"featured_media":0,"parent":0,"menu_order":0,"comment_status":"closed","ping_status":"closed","template":"","meta":{"footnotes":""},"class_list":["post-361","page","type-page","status-publish","hentry"],"yoast_head":"<!-- This site is optimized with the Yoast SEO plugin v23.8 - https:\/\/yoast.com\/wordpress\/plugins\/seo\/ -->\n<title>Contact - JPL P\u00eache<\/title>\n<meta name=\"description\" content=\"Pour me joindre, n&#039;h\u00e9sitez pas \u00e0 me contacter via ce formulaire. Vous pouvez me joindre \u00e9galement par t\u00e9l\u00e9phone.\" \/>\n<meta name=\"robots\" content=\"index, follow, max-snippet:-1, max-image-preview:large, max-video-preview:-1\" \/>\n<link rel=\"canonical\" href=\"https:\/\/limousin-peche.fr\/index.php\/contact\/\" \/>\n<meta property=\"og:locale\" content=\"fr_FR\" \/>\n<meta property=\"og:type\" content=\"article\" \/>\n<meta property=\"og:title\" content=\"Contact - JPL P\u00eache\" \/>\n<meta property=\"og:description\" content=\"Pour me joindre, n&#039;h\u00e9sitez pas \u00e0 me contacter via ce formulaire. Vous pouvez me joindre \u00e9galement par t\u00e9l\u00e9phone.\" \/>\n<meta property=\"og:url\" content=\"https:\/\/limousin-peche.fr\/index.php\/contact\/\" \/>\n<meta property=\"og:site_name\" content=\"JPL P\u00eache\" \/>\n<meta property=\"article:modified_time\" content=\"2023-12-14T09:54:37+00:00\" \/>\n<meta name=\"twitter:card\" content=\"summary_large_image\" \/>\n<meta name=\"twitter:label1\" content=\"Dur\u00e9e de lecture estim\u00e9e\" \/>\n\t<meta name=\"twitter:data1\" content=\"1 minute\" \/>\n<script type=\"application\/ld+json\" class=\"yoast-schema-graph\">{\"@context\":\"https:\/\/schema.org\",\"@graph\":[{\"@type\":\"WebPage\",\"@id\":\"https:\/\/limousin-peche.fr\/index.php\/contact\/\",\"url\":\"https:\/\/limousin-peche.fr\/index.php\/contact\/\",\"name\":\"Contact - JPL P\u00eache\",\"isPartOf\":{\"@id\":\"https:\/\/limousin-peche.fr\/#website\"},\"datePublished\":\"2022-10-11T09:55:35+00:00\",\"dateModified\":\"2023-12-14T09:54:37+00:00\",\"description\":\"Pour me joindre, n'h\u00e9sitez pas \u00e0 me contacter via ce formulaire. Vous pouvez me joindre \u00e9galement par t\u00e9l\u00e9phone.\",\"breadcrumb\":{\"@id\":\"https:\/\/limousin-peche.fr\/index.php\/contact\/#breadcrumb\"},\"inLanguage\":\"fr-FR\",\"potentialAction\":[{\"@type\":\"ReadAction\",\"target\":[\"https:\/\/limousin-peche.fr\/index.php\/contact\/\"]}]},{\"@type\":\"BreadcrumbList\",\"@id\":\"https:\/\/limousin-peche.fr\/index.php\/contact\/#breadcrumb\",\"itemListElement\":[{\"@type\":\"ListItem\",\"position\":1,\"name\":\"Accueil\",\"item\":\"https:\/\/limousin-peche.fr\/\"},{\"@type\":\"ListItem\",\"position\":2,\"name\":\"Contact\"}]},{\"@type\":\"WebSite\",\"@id\":\"https:\/\/limousin-peche.fr\/#website\",\"url\":\"https:\/\/limousin-peche.fr\/\",\"name\":\"JPL P\u00eache\",\"description\":\"\",\"publisher\":{\"@id\":\"https:\/\/limousin-peche.fr\/#organization\"},\"potentialAction\":[{\"@type\":\"SearchAction\",\"target\":{\"@type\":\"EntryPoint\",\"urlTemplate\":\"https:\/\/limousin-peche.fr\/?s={search_term_string}\"},\"query-input\":{\"@type\":\"PropertyValueSpecification\",\"valueRequired\":true,\"valueName\":\"search_term_string\"}}],\"inLanguage\":\"fr-FR\"},{\"@type\":\"Organization\",\"@id\":\"https:\/\/limousin-peche.fr\/#organization\",\"name\":\"JPL P\u00eache\",\"url\":\"https:\/\/limousin-peche.fr\/\",\"logo\":{\"@type\":\"ImageObject\",\"inLanguage\":\"fr-FR\",\"@id\":\"https:\/\/limousin-peche.fr\/#\/schema\/logo\/image\/\",\"url\":\"https:\/\/limousin-peche.fr\/wp-content\/uploads\/2022\/09\/cropped-cropped-Logo-4.png\",\"contentUrl\":\"https:\/\/limousin-peche.fr\/wp-content\/uploads\/2022\/09\/cropped-cropped-Logo-4.png\",\"width\":642,\"height\":642,\"caption\":\"JPL P\u00eache\"},\"image\":{\"@id\":\"https:\/\/limousin-peche.fr\/#\/schema\/logo\/image\/\"}}]}<\/script>\n<!-- \/ Yoast SEO plugin. -->","yoast_head_json":{"title":"Contact - JPL P\u00eache","description":"Pour me joindre, n'h\u00e9sitez pas \u00e0 me contacter via ce formulaire. Vous pouvez me joindre \u00e9galement par t\u00e9l\u00e9phone.","robots":{"index":"index","follow":"follow","max-snippet":"max-snippet:-1","max-image-preview":"max-image-preview:large","max-video-preview":"max-video-preview:-1"},"canonical":"https:\/\/limousin-peche.fr\/index.php\/contact\/","og_locale":"fr_FR","og_type":"article","og_title":"Contact - JPL P\u00eache","og_description":"Pour me joindre, n'h\u00e9sitez pas \u00e0 me contacter via ce formulaire. Vous pouvez me joindre \u00e9galement par t\u00e9l\u00e9phone.","og_url":"https:\/\/limousin-peche.fr\/index.php\/contact\/","og_site_name":"JPL P\u00eache","article_modified_time":"2023-12-14T09:54:37+00:00","twitter_card":"summary_large_image","twitter_misc":{"Dur\u00e9e de lecture estim\u00e9e":"1 minute"},"schema":{"@context":"https:\/\/schema.org","@graph":[{"@type":"WebPage","@id":"https:\/\/limousin-peche.fr\/index.php\/contact\/","url":"https:\/\/limousin-peche.fr\/index.php\/contact\/","name":"Contact - JPL P\u00eache","isPartOf":{"@id":"https:\/\/limousin-peche.fr\/#website"},"datePublished":"2022-10-11T09:55:35+00:00","dateModified":"2023-12-14T09:54:37+00:00","description":"Pour me joindre, n'h\u00e9sitez pas \u00e0 me contacter via ce formulaire. Vous pouvez me joindre \u00e9galement par t\u00e9l\u00e9phone.","breadcrumb":{"@id":"https:\/\/limousin-peche.fr\/index.php\/contact\/#breadcrumb"},"inLanguage":"fr-FR","potentialAction":[{"@type":"ReadAction","target":["https:\/\/limousin-peche.fr\/index.php\/contact\/"]}]},{"@type":"BreadcrumbList","@id":"https:\/\/limousin-peche.fr\/index.php\/contact\/#breadcrumb","itemListElement":[{"@type":"ListItem","position":1,"name":"Accueil","item":"https:\/\/limousin-peche.fr\/"},{"@type":"ListItem","position":2,"name":"Contact"}]},{"@type":"WebSite","@id":"https:\/\/limousin-peche.fr\/#website","url":"https:\/\/limousin-peche.fr\/","name":"JPL P\u00eache","description":"","publisher":{"@id":"https:\/\/limousin-peche.fr\/#organization"},"potentialAction":[{"@type":"SearchAction","target":{"@type":"EntryPoint","urlTemplate":"https:\/\/limousin-peche.fr\/?s={search_term_string}"},"query-input":{"@type":"PropertyValueSpecification","valueRequired":true,"valueName":"search_term_string"}}],"inLanguage":"fr-FR"},{"@type":"Organization","@id":"https:\/\/limousin-peche.fr\/#organization","name":"JPL P\u00eache","url":"https:\/\/limousin-peche.fr\/","logo":{"@type":"ImageObject","inLanguage":"fr-FR","@id":"https:\/\/limousin-peche.fr\/#\/schema\/logo\/image\/","url":"https:\/\/limousin-peche.fr\/wp-content\/uploads\/2022\/09\/cropped-cropped-Logo-4.png","contentUrl":"https:\/\/limousin-peche.fr\/wp-content\/uploads\/2022\/09\/cropped-cropped-Logo-4.png","width":642,"height":642,"caption":"JPL P\u00eache"},"image":{"@id":"https:\/\/limousin-peche.fr\/#\/schema\/logo\/image\/"}}]}},"_links":{"self":[{"href":"https:\/\/limousin-peche.fr\/index.php\/wp-json\/wp\/v2\/pages\/361","targetHints":{"allow":["GET"]}}],"collection":[{"href":"https:\/\/limousin-peche.fr\/index.php\/wp-json\/wp\/v2\/pages"}],"about":[{"href":"https:\/\/limousin-peche.fr\/index.php\/wp-json\/wp\/v2\/types\/page"}],"author":[{"embeddable":true,"href":"https:\/\/limousin-peche.fr\/index.php\/wp-json\/wp\/v2\/users\/1"}],"replies":[{"embeddable":true,"href":"https:\/\/limousin-peche.fr\/index.php\/wp-json\/wp\/v2\/comments?post=361"}],"version-history":[{"count":3,"href":"https:\/\/limousin-peche.fr\/index.php\/wp-json\/wp\/v2\/pages\/361\/revisions"}],"predecessor-version":[{"id":1509,"href":"https:\/\/limousin-peche.fr\/index.php\/wp-json\/wp\/v2\/pages\/361\/revisions\/1509"}],"wp:attachment":[{"href":"https:\/\/limousin-peche.fr\/index.php\/wp-json\/wp\/v2\/media?parent=361"}],"curies":[{"name":"wp","href":"https:\/\/api.w.org\/{rel}","templated":true}]}}