{"id":3,"date":"2022-09-28T16:07:29","date_gmt":"2022-09-28T14:07:29","guid":{"rendered":"http:\/\/limoush.cluster028.hosting.ovh.net\/?page_id=3"},"modified":"2022-10-12T10:44:24","modified_gmt":"2022-10-12T08:44:24","slug":"politique-de-confidentialite","status":"publish","type":"page","link":"https:\/\/limousin-peche.fr\/index.php\/politique-de-confidentialite\/","title":{"rendered":"Politique de confidentialit\u00e9"},"content":{"rendered":"<h3 class=\"wp-block-heading\">Mention l\u00e9gales<br><\/h3><h4 class=\"wp-block-heading\"><em>Concernant le site<\/em><br><\/h4><p>En vertu de l\u2019article 6 de la loi n\u00b0 2004-575 du 21 juin 2004 pour la confiance dans l\u2019\u00e9conomie num\u00e9rique, il est pr\u00e9cis\u00e9 aux utilisateurs du site&nbsp;<a href=\"https:\/\/limousin-peche.fr\/\">limousin-peche.fr<\/a>&nbsp;l\u2019identit\u00e9 des diff\u00e9rents intervenants dans le cadre de sa r\u00e9alisation et de son suivi :<\/p><p>Editeur&nbsp;: Le site web www.limousin-peche.fr est \u00e9dit\u00e9 par Jean-Pierre LABARRE<br>Nom commercial&nbsp;: JPL PECHE<br>Statut&nbsp;: auto-entrepreneur<br>SIRET&nbsp;: 480 888 775&nbsp;00016<br>Si\u00e8ge social&nbsp;: 6 Chazette, 23320 MONTAIGUT LE BLANC, FRANCE<br>H\u00e9bergeur&nbsp;: Le Site est h\u00e9berg\u00e9 par la soci\u00e9t\u00e9 OVH \u2013 2 rue Kellermann \u2013 59100 Roubaix \u2013 France.<br>Plateforme E-Commerce&nbsp;: WordPress- Woocommerce.<\/p><p><\/p><h4 class=\"wp-block-heading\"><em>Conditions d\u2019utilisation du site<\/em><br><\/h4><p>L\u2019utilisation du site&nbsp;<a href=\"https:\/\/limousin-peche.fr\/\">limousin-peche.fr<\/a>&nbsp;implique l\u2019acceptation pleine et enti\u00e8re des conditions g\u00e9n\u00e9rales d\u2019utilisation ci-apr\u00e8s d\u00e9crites. Ces conditions d\u2019utilisation sont susceptibles d\u2019\u00eatre modifi\u00e9es ou compl\u00e9t\u00e9es \u00e0 tout moment, les utilisateurs du site&nbsp;<a href=\"https:\/\/limousin-peche.fr\/\">limousin-peche.fr<\/a>&nbsp;sont donc invit\u00e9s \u00e0 les consulter de mani\u00e8re r\u00e9guli\u00e8re.<\/p><p>Ce site est normalement accessible \u00e0 tout moment aux utilisateurs. JPL PECHE peut d\u00e9cid\u00e9 d&rsquo;un interruption pour raison de maintenance. JPL P\u00eache s\u2019efforcera alors de communiquer pr\u00e9alablement aux utilisateurs les dates et heures de l\u2019intervention.<\/p><p>Le site\u00a0<a href=\"https:\/\/limousin-peche.fr\/\">limousin-peche.fr<\/a>\u00a0est mis \u00e0 jour r\u00e9guli\u00e8rement par Jean-Pierre Labarre. De la m\u00eame fa\u00e7on, les mentions l\u00e9gales peuvent \u00eatre modifi\u00e9es \u00e0 tout moment : elles s\u2019imposent n\u00e9anmoins \u00e0 l\u2019utilisateur qui est invit\u00e9 \u00e0 s\u2019y r\u00e9f\u00e9rer le plus souvent possible afin d\u2019en prendre connaissance.<\/p><p><\/p><h4 class=\"wp-block-heading\"><em>Description des services fournis<\/em><br><\/h4><p>Le site&nbsp;<a href=\"https:\/\/limousin-peche.fr\/\">limousin-peche.fr<\/a>&nbsp;a pour objet de fournir une information concernant l\u2019ensemble des activit\u00e9s de la soci\u00e9t\u00e9.<\/p><p>JPL PECHE \u2013 Jean-Pierre LABARRE s\u2019efforce de fournir sur le site&nbsp;<a href=\"https:\/\/limousin-peche.fr\/\">limousin-peche.fr<\/a>&nbsp;des informations aussi pr\u00e9cises que possible. Toutefois, il ne pourra \u00eatre tenue responsable des omissions, des inexactitudes et des carences dans la mise \u00e0 jour, qu\u2019elles soient de son fait ou du fait des tiers partenaires qui lui fournissent ces informations.<\/p><p>Toutes les informations indiqu\u00e9es sur le site<a href=\"https:\/\/limousin-peche.fr\/\">&nbsp;limousin-peche.fr<\/a>&nbsp;sont donn\u00e9es \u00e0 titre indicatif, et sont susceptibles d\u2019\u00e9volu\u00e9es. Par ailleurs, les renseignements figurant sur le site&nbsp;<a href=\"https:\/\/limousin-peche.fr\/\">limousin-peche.fr<\/a>&nbsp;ne sont pas exhaustifs. Ils sont donn\u00e9s sous r\u00e9serve de modifications ayant \u00e9t\u00e9 apport\u00e9es depuis leur mise en ligne.<\/p><p>Le site utilise la technologie JavaScript et il ne pourra \u00eatre tenu responsable de dommages mat\u00e9riels li\u00e9s \u00e0 l\u2019utilisation du site. De plus, l\u2019utilisateur du site s\u2019engage \u00e0 acc\u00e9der au site en utilisant un mat\u00e9riel r\u00e9cent, ne contenant pas de virus et avec un navigateur de derni\u00e8re g\u00e9n\u00e9ration mis-\u00e0-jour.<\/p><p><\/p><h4 class=\"wp-block-heading\"><em>Propri\u00e9t\u00e9 intellectuelle<\/em><br><\/h4><p>JPL PECHE \u2013 Jean-Pierre Labarre est propri\u00e9taire des droits de propri\u00e9t\u00e9 intellectuelle ou d\u00e9tient les droits d\u2019usage sur tous les \u00e9l\u00e9ments accessibles sur le site, notamment les textes, images, graphismes, logo, ic\u00f4nes, sons, logiciels.<\/p><p>Toute reproduction, repr\u00e9sentation, modification, publication, adaptation de tout ou partie des \u00e9l\u00e9ments du site, quel que soit le moyen ou le proc\u00e9d\u00e9 utilis\u00e9, est interdite, sauf autorisation \u00e9crite pr\u00e9alable de : JPL PECHE \u2013 Jean-Pierre Labarre.<\/p><p>Toute exploitation non autoris\u00e9e du site ou de l\u2019un quelconque des \u00e9l\u00e9ments qu\u2019il contient sera consid\u00e9r\u00e9e comme constitutive d\u2019une contrefa\u00e7on et poursuivie conform\u00e9ment aux dispositions des articles L.335-2 et suivants du Code de Propri\u00e9t\u00e9 Intellectuelle.<\/p><p><\/p><h4 class=\"wp-block-heading\"><em>Limitations de responsabilit\u00e9<\/em><br><\/h4><p>JPL PECHE \u2013 Jean-Pierre Labarre ne pourra \u00eatre tenue responsable des dommages directs et indirects caus\u00e9s au mat\u00e9riel de l\u2019utilisateur, lors de l\u2019acc\u00e8s au site limousin-peche.fr et r\u00e9sultant soit de l\u2019utilisation d\u2019un mat\u00e9riel ne r\u00e9pondant pas aux sp\u00e9cifications indiqu\u00e9es au point 4, soit de l\u2019apparition d\u2019un bug ou d\u2019une incompatibilit\u00e9.<\/p><p>JPL PECHE \u2013 Jean-Pierre Labarre ne pourra \u00e9galement \u00eatre tenue responsable des dommages indirects (tels par exemple qu\u2019une perte de march\u00e9 ou perte d\u2019une chance) cons\u00e9cutifs \u00e0 l\u2019utilisation du site&nbsp;<a href=\"https:\/\/www.limousin-peche.fr\/\">limousin-peche.fr<\/a>.<\/p><p>Des espaces interactifs (possibilit\u00e9 de poser des questions dans l\u2019espace contact) sont \u00e0 la disposition des utilisateurs. JPL PECHE \u2013 Jean-Pierre Labarre se r\u00e9serve le droit de supprimer, sans mise en demeure pr\u00e9alable, tout contenu d\u00e9pos\u00e9 dans cet espace qui contreviendrait \u00e0 la l\u00e9gislation applicable en France, en particulier aux dispositions relatives \u00e0 la protection des donn\u00e9es. Le cas \u00e9ch\u00e9ant, JPL PECHE \u2013 Jean-Pierre Labarre se r\u00e9serve \u00e9galement la possibilit\u00e9 de mettre en cause la responsabilit\u00e9 civile et\/ou p\u00e9nale de l\u2019utilisateur, notamment en cas de message \u00e0 caract\u00e8re raciste, injurieux, diffamant, ou pornographique, quel que soit le support utilis\u00e9 (texte, photographie\u2026).<\/p><p><\/p><h4 class=\"wp-block-heading\"><em>Gestion des donn\u00e9s personnelles<\/em><br><\/h4><p>En France, les donn\u00e9es personnelles sont notamment prot\u00e9g\u00e9es par la loi n\u00b0 78-87 du 6 janvier 1978, la loi n\u00b0 2004-801 du 6 ao\u00fbt 2004, l\u2019article L. 226-13 du Code p\u00e9nal et la Directive Europ\u00e9enne du 24 octobre 1995.<\/p><p>A l\u2019occasion de l\u2019utilisation du site&nbsp;<a href=\"https:\/\/limousin-peche.fr\/\">limousin-peche.fr<\/a>, peuvent \u00eatres recueillies : l\u2019URL des liens par l\u2019interm\u00e9diaire desquels l\u2019utilisateur a acc\u00e9d\u00e9 au site limousin-peche.fr, le fournisseur d\u2019acc\u00e8s de l\u2019utilisateur, l\u2019adresse de protocole Internet (IP) de l\u2019utilisateur.<\/p><p>En tout \u00e9tat de cause JPL PECHE \u2013 Jeans-Pierre Labarre ne collecte des informations personnelles relatives \u00e0 l\u2019utilisateur que pour le besoin de certains services propos\u00e9s par le site limousin-peche.fr. L\u2019utilisateur fournit ces informations en toute connaissance de cause, notamment lorsqu\u2019il proc\u00e8de par lui-m\u00eame \u00e0 leur saisie. Il est alors pr\u00e9cis\u00e9 \u00e0 l\u2019utilisateur du site&nbsp;<a href=\"https:\/\/www.limousin-peche.fr\/\">limousin-peche.fr<\/a>&nbsp;l\u2019obligation ou non de fournir ces informations.<\/p><p>Conform\u00e9ment aux dispositions des articles 38 et suivants de la loi 78-17 du 6 janvier 1978 relative \u00e0 l\u2019informatique, aux fichiers et aux libert\u00e9s, tout utilisateur dispose d\u2019un droit d\u2019acc\u00e8s, de rectification et d\u2019opposition aux donn\u00e9es personnelles le concernant, en effectuant sa demande \u00e9crite et sign\u00e9e, accompagn\u00e9e d\u2019une copie du titre d\u2019identit\u00e9 avec signature du titulaire de la pi\u00e8ce, en pr\u00e9cisant l\u2019adresse \u00e0 laquelle la r\u00e9ponse doit \u00eatre envoy\u00e9e.<\/p><p>Aucune information personnelle de l\u2019utilisateur du site&nbsp;<a href=\"https:\/\/limousin-peche.fr\/\">limousin-peche.fr<\/a>&nbsp;n\u2019est publi\u00e9e \u00e0 l\u2019insu de l\u2019utilisateur, \u00e9chang\u00e9e, transf\u00e9r\u00e9e, c\u00e9d\u00e9e ou vendue sur un support quelconque \u00e0 des tiers. Seule l\u2019hypoth\u00e8se du rachat de JPL PECHE \u2013 Jean-Pierre Labarre et de ses droits permettrait la transmission des dites informations \u00e0 l\u2019\u00e9ventuel acqu\u00e9reur qui serait \u00e0 son tour tenu de la m\u00eame obligation de conservation et de modification des donn\u00e9es vis \u00e0 vis de l\u2019utilisateur du site&nbsp;<a href=\"https:\/\/limousin-peche.fr\/\">limousin-peche.fr.<\/a><\/p><p>Le site n\u2019est pas d\u00e9clar\u00e9 \u00e0 la CNIL car il ne recueille pas d\u2019informations personnelles.&nbsp;<\/p><p>Les bases de donn\u00e9es sont prot\u00e9g\u00e9es par les dispositions de la loi du 1er juillet 1998 transposant la directive 96\/9 du 11 mars 1996 relative \u00e0 la protection juridique des bases de donn\u00e9es.<\/p><p><\/p><h4 class=\"wp-block-heading\"><em>Renseignements compl\u00e9mentaires<\/em><br><\/h4><p>Carte professionnelle d\u2019\u00e9ducateur sportif&nbsp;n\u00b0 02306 ED 0023&nbsp;d\u00e9livr\u00e9e par les services de la Direction R\u00e9gionale de la Jeunesse et des Sports (de la Coh\u00e9sion Sociale) de la Creuse.<\/p><p>Num\u00e9ro d\u2019identification SIREN :&nbsp;<em>480 888 775 00016.<\/em><\/p><p>Responsabilit\u00e9 Civile Professionnelle souscrite aupr\u00e8s du groupe MAAF.<\/p><p>Assurances professionnelles voiture, bateau, groupes MAAF.<\/p><p>SECURITE : Titulaire du Brevet National de Secourisme (BNS) et Attestation de Formation aux Premiers Secours (AFPS) et de l\u2019actuelle formation Pr\u00e9vention et Secours Civiques de niveau 1 (PSC 1) obtenue dans le cadre d\u2019une mise \u00e0 niveau d\u00e9livr\u00e9e par la Croix Rouge fran\u00e7aise.<\/p><p>BPJEPS P\u00eache de loisir, d\u00e9livr\u00e9 par le Centre National de Formation aux M\u00e9tiers de la P\u00eache d\u2019Ahun, premi\u00e8re promo 2003.<\/p><p>Dipl\u00f4me f\u00e9d\u00e9ral d\u00e9livr\u00e9 par la FFPML et le CNFMP ,&nbsp;\u00bb Sp\u00e9cifique mouche&nbsp;\u00bb Ahun 2006, licence Pro et brevet f\u00e9d\u00e9ral FFPSC 2007.<\/p><p><a href=\"http:\/\/www.ffpml.fr\/\"><\/a><\/p><h4 class=\"wp-block-heading\"><em>M\u00e9morisation de votre identifiant de connexion :<\/em><br><\/h4><p>Lors de votre identification, si vous cochez la case \u00ab Rester connect\u00e9 \u00bb, votre session restera active pendant 90 jours ou jusqu\u2019\u00e0 d\u00e9connexion de votre part (m\u00eame apr\u00e8s fermeture du navigateur ou arr\u00eat de l\u2019ordinateur). Vous avez ainsi acc\u00e8s \u00e0 votre compte en ligne et\/ou \u00e0 votre messagerie sans vous identifier \u00e0 chaque fois. Cette op\u00e9ration s\u2019applique uniquement \u00e0 cet ordinateur. Par cons\u00e9quent, vous pouvez par exemple rester connect\u00e9 sur l\u2019ordinateur de votre domicile, mais maintenir une protection compl\u00e8te par mot de passe sur l\u2019ordinateur de votre \u00e9cole ou de votre bureau.<\/p><p>Attention, si vous utilisez un ordinateur public ou que vous partagez cet ordinateur avec d\u2019autres utilisateurs, nous vous recommandons de ne pas cocher cette case.<\/p><p>Conform\u00e9ment \u00e0 la loi Informatique et Libert\u00e9s, vous disposez d\u2019un droit d\u2019acc\u00e8s ainsi que d\u2019un droit d\u2019information compl\u00e9mentaire, de rectification et d\u2019opposition sur les donn\u00e9es vous concernant. Vous pouvez vous opposer \u00e0 leur communication \u00e0 des tiers (communication \u00e0 des fins d\u2019\u00e9tude ou de prospection pour des op\u00e9rations commerciales).<\/p><p>Pour exercer vos droits, envoyez un courrier avec vos nom, pr\u00e9nom, ni num\u00e9ro d\u2019appel et copie de votre pi\u00e8ce d\u2019identit\u00e9 \u00e0 : Jean-Pierre LABARRE \/ JPL PECHE, 6 chazette, 23320 MONTAIGUT LE BLANC.<br><\/p><h4 class=\"wp-block-heading\"><em>Droit applicable et attribution de juridiction<\/em><br><\/h4><p>Tout litige en relation avec l\u2019utilisation du site&nbsp;<a href=\"http:\/\/limousin-peche.fr\/\">limousin-peche.fr<\/a>&nbsp;est soumis au droit fran\u00e7ais. Il est fait attribution exclusive de juridiction aux tribunaux comp\u00e9tents de Paris.<\/p>","protected":false},"excerpt":{"rendered":"<p>Mention l\u00e9gales Concernant le site En vertu de l\u2019article 6 de la loi n\u00b0 2004-575 du 21 juin 2004 pour la confiance dans l\u2019\u00e9conomie num\u00e9rique, il est pr\u00e9cis\u00e9 aux utilisateurs du site&nbsp;limousin-peche.fr&nbsp;l\u2019identit\u00e9 des diff\u00e9rents intervenants dans le cadre de sa r\u00e9alisation et de son suivi : Editeur&nbsp;: Le site web www.limousin-peche.fr est \u00e9dit\u00e9 par Jean-Pierre [&hellip;]<\/p>\n","protected":false},"author":1,"featured_media":0,"parent":0,"menu_order":0,"comment_status":"closed","ping_status":"open","template":"","meta":{"footnotes":""},"class_list":["post-3","page","type-page","status-publish","hentry"],"yoast_head":"<!-- This site is optimized with the Yoast SEO plugin v23.8 - https:\/\/yoast.com\/wordpress\/plugins\/seo\/ -->\n<title>Politique de confidentialit\u00e9 -<\/title>\n<meta name=\"description\" content=\"Politique de confidentialit\u00e9 du site JPL PECHE. Moniteur guide de p\u00eache, Jean-Pierre LABARRE vous propose des stages de p\u00eache.\" \/>\n<meta name=\"robots\" content=\"index, follow, max-snippet:-1, max-image-preview:large, max-video-preview:-1\" \/>\n<link rel=\"canonical\" href=\"https:\/\/limousin-peche.fr\/index.php\/politique-de-confidentialite\/\" \/>\n<meta property=\"og:locale\" content=\"fr_FR\" \/>\n<meta property=\"og:type\" content=\"article\" \/>\n<meta property=\"og:title\" content=\"Politique de confidentialit\u00e9 -\" \/>\n<meta property=\"og:description\" content=\"Politique de confidentialit\u00e9 du site JPL PECHE. Moniteur guide de p\u00eache, Jean-Pierre LABARRE vous propose des stages de p\u00eache.\" \/>\n<meta property=\"og:url\" content=\"https:\/\/limousin-peche.fr\/index.php\/politique-de-confidentialite\/\" \/>\n<meta property=\"og:site_name\" content=\"JPL P\u00eache\" \/>\n<meta property=\"article:modified_time\" content=\"2022-10-12T08:44:24+00:00\" \/>\n<meta property=\"og:image\" content=\"https:\/\/limousin-peche.fr\/wp-content\/uploads\/2022\/09\/Logo.png\" \/>\n\t<meta property=\"og:image:width\" content=\"712\" \/>\n\t<meta property=\"og:image:height\" content=\"642\" \/>\n\t<meta property=\"og:image:type\" content=\"image\/png\" \/>\n<meta name=\"twitter:card\" content=\"summary_large_image\" \/>\n<meta name=\"twitter:title\" content=\"Politique de confidentialit\u00e9 JPL P\u00eache.\" \/>\n<meta name=\"twitter:description\" content=\"Politique de confidentialit\u00e9 JPL P\u00eache.\" \/>\n<meta name=\"twitter:image\" content=\"https:\/\/limousin-peche.fr\/wp-content\/uploads\/2022\/09\/Logo.png\" \/>\n<meta name=\"twitter:label1\" content=\"Dur\u00e9e de lecture estim\u00e9e\" \/>\n\t<meta name=\"twitter:data1\" content=\"8 minutes\" \/>\n<script type=\"application\/ld+json\" class=\"yoast-schema-graph\">{\"@context\":\"https:\/\/schema.org\",\"@graph\":[{\"@type\":\"WebPage\",\"@id\":\"https:\/\/limousin-peche.fr\/index.php\/politique-de-confidentialite\/\",\"url\":\"https:\/\/limousin-peche.fr\/index.php\/politique-de-confidentialite\/\",\"name\":\"Politique de confidentialit\u00e9 -\",\"isPartOf\":{\"@id\":\"https:\/\/limousin-peche.fr\/#website\"},\"datePublished\":\"2022-09-28T14:07:29+00:00\",\"dateModified\":\"2022-10-12T08:44:24+00:00\",\"description\":\"Politique de confidentialit\u00e9 du site JPL PECHE. Moniteur guide de p\u00eache, Jean-Pierre LABARRE vous propose des stages de p\u00eache.\",\"breadcrumb\":{\"@id\":\"https:\/\/limousin-peche.fr\/index.php\/politique-de-confidentialite\/#breadcrumb\"},\"inLanguage\":\"fr-FR\",\"potentialAction\":[{\"@type\":\"ReadAction\",\"target\":[\"https:\/\/limousin-peche.fr\/index.php\/politique-de-confidentialite\/\"]}]},{\"@type\":\"BreadcrumbList\",\"@id\":\"https:\/\/limousin-peche.fr\/index.php\/politique-de-confidentialite\/#breadcrumb\",\"itemListElement\":[{\"@type\":\"ListItem\",\"position\":1,\"name\":\"Accueil\",\"item\":\"https:\/\/limousin-peche.fr\/\"},{\"@type\":\"ListItem\",\"position\":2,\"name\":\"Politique de confidentialit\u00e9\"}]},{\"@type\":\"WebSite\",\"@id\":\"https:\/\/limousin-peche.fr\/#website\",\"url\":\"https:\/\/limousin-peche.fr\/\",\"name\":\"JPL P\u00eache\",\"description\":\"\",\"publisher\":{\"@id\":\"https:\/\/limousin-peche.fr\/#organization\"},\"potentialAction\":[{\"@type\":\"SearchAction\",\"target\":{\"@type\":\"EntryPoint\",\"urlTemplate\":\"https:\/\/limousin-peche.fr\/?s={search_term_string}\"},\"query-input\":{\"@type\":\"PropertyValueSpecification\",\"valueRequired\":true,\"valueName\":\"search_term_string\"}}],\"inLanguage\":\"fr-FR\"},{\"@type\":\"Organization\",\"@id\":\"https:\/\/limousin-peche.fr\/#organization\",\"name\":\"JPL P\u00eache\",\"url\":\"https:\/\/limousin-peche.fr\/\",\"logo\":{\"@type\":\"ImageObject\",\"inLanguage\":\"fr-FR\",\"@id\":\"https:\/\/limousin-peche.fr\/#\/schema\/logo\/image\/\",\"url\":\"https:\/\/limousin-peche.fr\/wp-content\/uploads\/2022\/09\/cropped-cropped-Logo-4.png\",\"contentUrl\":\"https:\/\/limousin-peche.fr\/wp-content\/uploads\/2022\/09\/cropped-cropped-Logo-4.png\",\"width\":642,\"height\":642,\"caption\":\"JPL P\u00eache\"},\"image\":{\"@id\":\"https:\/\/limousin-peche.fr\/#\/schema\/logo\/image\/\"}}]}<\/script>\n<!-- \/ Yoast SEO plugin. -->","yoast_head_json":{"title":"Politique de confidentialit\u00e9 -","description":"Politique de confidentialit\u00e9 du site JPL PECHE. Moniteur guide de p\u00eache, Jean-Pierre LABARRE vous propose des stages de p\u00eache.","robots":{"index":"index","follow":"follow","max-snippet":"max-snippet:-1","max-image-preview":"max-image-preview:large","max-video-preview":"max-video-preview:-1"},"canonical":"https:\/\/limousin-peche.fr\/index.php\/politique-de-confidentialite\/","og_locale":"fr_FR","og_type":"article","og_title":"Politique de confidentialit\u00e9 -","og_description":"Politique de confidentialit\u00e9 du site JPL PECHE. Moniteur guide de p\u00eache, Jean-Pierre LABARRE vous propose des stages de p\u00eache.","og_url":"https:\/\/limousin-peche.fr\/index.php\/politique-de-confidentialite\/","og_site_name":"JPL P\u00eache","article_modified_time":"2022-10-12T08:44:24+00:00","og_image":[{"width":712,"height":642,"url":"https:\/\/limousin-peche.fr\/wp-content\/uploads\/2022\/09\/Logo.png","type":"image\/png"}],"twitter_card":"summary_large_image","twitter_title":"Politique de confidentialit\u00e9 JPL P\u00eache.","twitter_description":"Politique de confidentialit\u00e9 JPL P\u00eache.","twitter_image":"https:\/\/limousin-peche.fr\/wp-content\/uploads\/2022\/09\/Logo.png","twitter_misc":{"Dur\u00e9e de lecture estim\u00e9e":"8 minutes"},"schema":{"@context":"https:\/\/schema.org","@graph":[{"@type":"WebPage","@id":"https:\/\/limousin-peche.fr\/index.php\/politique-de-confidentialite\/","url":"https:\/\/limousin-peche.fr\/index.php\/politique-de-confidentialite\/","name":"Politique de confidentialit\u00e9 -","isPartOf":{"@id":"https:\/\/limousin-peche.fr\/#website"},"datePublished":"2022-09-28T14:07:29+00:00","dateModified":"2022-10-12T08:44:24+00:00","description":"Politique de confidentialit\u00e9 du site JPL PECHE. Moniteur guide de p\u00eache, Jean-Pierre LABARRE vous propose des stages de p\u00eache.","breadcrumb":{"@id":"https:\/\/limousin-peche.fr\/index.php\/politique-de-confidentialite\/#breadcrumb"},"inLanguage":"fr-FR","potentialAction":[{"@type":"ReadAction","target":["https:\/\/limousin-peche.fr\/index.php\/politique-de-confidentialite\/"]}]},{"@type":"BreadcrumbList","@id":"https:\/\/limousin-peche.fr\/index.php\/politique-de-confidentialite\/#breadcrumb","itemListElement":[{"@type":"ListItem","position":1,"name":"Accueil","item":"https:\/\/limousin-peche.fr\/"},{"@type":"ListItem","position":2,"name":"Politique de confidentialit\u00e9"}]},{"@type":"WebSite","@id":"https:\/\/limousin-peche.fr\/#website","url":"https:\/\/limousin-peche.fr\/","name":"JPL P\u00eache","description":"","publisher":{"@id":"https:\/\/limousin-peche.fr\/#organization"},"potentialAction":[{"@type":"SearchAction","target":{"@type":"EntryPoint","urlTemplate":"https:\/\/limousin-peche.fr\/?s={search_term_string}"},"query-input":{"@type":"PropertyValueSpecification","valueRequired":true,"valueName":"search_term_string"}}],"inLanguage":"fr-FR"},{"@type":"Organization","@id":"https:\/\/limousin-peche.fr\/#organization","name":"JPL P\u00eache","url":"https:\/\/limousin-peche.fr\/","logo":{"@type":"ImageObject","inLanguage":"fr-FR","@id":"https:\/\/limousin-peche.fr\/#\/schema\/logo\/image\/","url":"https:\/\/limousin-peche.fr\/wp-content\/uploads\/2022\/09\/cropped-cropped-Logo-4.png","contentUrl":"https:\/\/limousin-peche.fr\/wp-content\/uploads\/2022\/09\/cropped-cropped-Logo-4.png","width":642,"height":642,"caption":"JPL P\u00eache"},"image":{"@id":"https:\/\/limousin-peche.fr\/#\/schema\/logo\/image\/"}}]}},"_links":{"self":[{"href":"https:\/\/limousin-peche.fr\/index.php\/wp-json\/wp\/v2\/pages\/3","targetHints":{"allow":["GET"]}}],"collection":[{"href":"https:\/\/limousin-peche.fr\/index.php\/wp-json\/wp\/v2\/pages"}],"about":[{"href":"https:\/\/limousin-peche.fr\/index.php\/wp-json\/wp\/v2\/types\/page"}],"author":[{"embeddable":true,"href":"https:\/\/limousin-peche.fr\/index.php\/wp-json\/wp\/v2\/users\/1"}],"replies":[{"embeddable":true,"href":"https:\/\/limousin-peche.fr\/index.php\/wp-json\/wp\/v2\/comments?post=3"}],"version-history":[{"count":0,"href":"https:\/\/limousin-peche.fr\/index.php\/wp-json\/wp\/v2\/pages\/3\/revisions"}],"wp:attachment":[{"href":"https:\/\/limousin-peche.fr\/index.php\/wp-json\/wp\/v2\/media?parent=3"}],"curies":[{"name":"wp","href":"https:\/\/api.w.org\/{rel}","templated":true}]}}